{"id":97,"date":"2025-02-27T17:16:18","date_gmt":"2025-02-27T16:16:18","guid":{"rendered":"https:\/\/auroremathilda.fr\/?page_id=97"},"modified":"2025-04-01T15:44:19","modified_gmt":"2025-04-01T13:44:19","slug":"97-2","status":"publish","type":"page","link":"https:\/\/auroremathilda.fr\/","title":{"rendered":"Accueil"},"content":{"rendered":"\t\t<div data-elementor-type=\"wp-page\" data-elementor-id=\"97\" class=\"elementor elementor-97\" data-elementor-settings=\"{&quot;ekit_onepagescroll&quot;:&quot;block&quot;}\">\n\t\t\t\t<div class=\"elementor-element elementor-element-32c94e7 elementor-hidden-desktop elementor-hidden-tablet e-flex e-con-boxed e-con e-parent\" data-id=\"32c94e7\" data-element_type=\"container\" data-settings=\"{&quot;background_background&quot;:&quot;gradient&quot;}\">\n\t\t\t\t\t<div class=\"e-con-inner\">\n\t\t<div class=\"elementor-element elementor-element-21ece40 e-con-full e-flex e-con e-child\" data-id=\"21ece40\" data-element_type=\"container\">\n\t\t\t\t<div class=\"elementor-element elementor-element-17970e0 hfe-mobile-heading-align-center elementor-widget elementor-widget-hfe-site-title\" data-id=\"17970e0\" data-element_type=\"widget\" data-settings=\"{&quot;heading_text_align_mobile&quot;:&quot;center&quot;,&quot;htmega_fe&quot;:&quot;no&quot;}\" data-widget_type=\"hfe-site-title.default\">\n\t\t\t\t<div class=\"elementor-widget-container\">\n\t\t\t\t\t\n\t\t<div class=\"hfe-module-content hfe-heading-wrapper elementor-widget-heading\">\n\t\t\t\t\t\t\t<a href=\"https:\/\/auroremathilda.fr\/?page_id=521\">\n\t\t\t\t\t\t\t<h1 class=\"hfe-heading elementor-heading-title elementor-size-default\">\n\t\t\t\t\t\t\t\t\t<span class=\"hfe-heading-text\" >\n\t\t\t\t\t\t\t\t\t\tAURORE MATHILDA\t\t\t\t\t\t\t\t\t\t<\/span>\t\t\t\n\t\t\t<\/h1>\n\t\t\t<\/a>\t\t\n\t\t<\/div>\n\t\t\t\t\t\t<\/div>\n\t\t\t\t<\/div>\n\t\t\t\t<div data-htmega-element-link=\"{&quot;url&quot;:&quot;https:\\\/\\\/auroremathilda.fr\\\/?page_id=521&quot;,&quot;is_external&quot;:&quot;&quot;,&quot;nofollow&quot;:&quot;&quot;,&quot;custom_attributes&quot;:&quot;&quot;}\" style=\"cursor: pointer\" class=\"htmega-element-link elementor-element elementor-element-e43dd3d elementor-widget elementor-widget-htmega-inlinemenu-addons\" data-id=\"e43dd3d\" data-element_type=\"widget\" data-settings=\"{&quot;htmega_fe&quot;:&quot;no&quot;}\" data-widget_type=\"htmega-inlinemenu-addons.default\">\n\t\t\t\t<div class=\"elementor-widget-container\">\n\t\t\t\t\t            <div class=\"htmega-inlinemenu-area htmega-inlinemenu-style-7\" >\n                <nav class=\"linemenu-nav\">\n                    <ul id=\"menu-e43dd3d\" class=\"htmega-mainmenu\"><li class=\"menu-item menu-item-type-post_type menu-item-object-page menu-item-has-children menu-item-940\"><a aria-expanded=\"false\" href=\"https:\/\/auroremathilda.fr\/?page_id=521\" class=\"menu-link\">Collections<span role=\"application\" class=\"dropdown-menu-toggle ast-header-navigation-arrow\" tabindex=\"0\" aria-expanded=\"false\" aria-label=\"Permutateur de Menu\" ><\/span><\/a>\n<ul class=\"sub-menu\">\n\t<li class=\"menu-item menu-item-type-post_type menu-item-object-page menu-item-757\"><a href=\"https:\/\/auroremathilda.fr\/?page_id=636\" class=\"menu-link\">Les 4001<\/a><\/li>\n\t<li class=\"menu-item menu-item-type-post_type menu-item-object-page menu-item-188\"><a href=\"https:\/\/auroremathilda.fr\/?page_id=178\" class=\"menu-link\">L\u00e0 o\u00f9 dansent les Ombres<\/a><\/li>\n\t<li class=\"menu-item menu-item-type-post_type menu-item-object-page menu-item-187\"><a href=\"https:\/\/auroremathilda.fr\/?page_id=181\" class=\"menu-link\">Sous le Tapis<\/a><\/li>\n<\/ul>\n<\/li>\n<li class=\"menu-item menu-item-type-post_type menu-item-object-page menu-item-189\"><a href=\"https:\/\/auroremathilda.fr\/?page_id=183\" class=\"menu-link\">Contact<\/a><\/li>\n<\/ul>                <\/nav>\n            <\/div>\n        \t\t\t\t<\/div>\n\t\t\t\t<\/div>\n\t\t\t\t<\/div>\n\t\t\t\t<div class=\"elementor-element elementor-element-660a720 elementor-widget elementor-widget-image\" data-id=\"660a720\" data-element_type=\"widget\" data-settings=\"{&quot;htmega_fe&quot;:&quot;no&quot;}\" data-widget_type=\"image.default\">\n\t\t\t\t<div class=\"elementor-widget-container\">\n\t\t\t\t\t\t\t\t\t\t\t\t\t\t\t<img fetchpriority=\"high\" decoding=\"async\" width=\"865\" height=\"899\" src=\"https:\/\/auroremathilda.fr\/wp-content\/uploads\/2025\/04\/777Fichier-2-8.png\" class=\"attachment-full size-full wp-image-2549\" alt=\"\" srcset=\"https:\/\/auroremathilda.fr\/wp-content\/uploads\/2025\/04\/777Fichier-2-8.png 865w, https:\/\/auroremathilda.fr\/wp-content\/uploads\/2025\/04\/777Fichier-2-8-289x300.png 289w, https:\/\/auroremathilda.fr\/wp-content\/uploads\/2025\/04\/777Fichier-2-8-768x798.png 768w\" sizes=\"(max-width: 865px) 100vw, 865px\" \/>\t\t\t\t\t\t\t\t\t\t\t\t\t\t\t<\/div>\n\t\t\t\t<\/div>\n\t\t\t\t\t<\/div>\n\t\t\t\t<\/div>\n\t\t<div class=\"elementor-element elementor-element-36f3df8 elementor-hidden-desktop elementor-hidden-mobile e-flex e-con-boxed e-con e-parent\" data-id=\"36f3df8\" data-element_type=\"container\" data-settings=\"{&quot;background_background&quot;:&quot;gradient&quot;}\">\n\t\t\t\t\t<div class=\"e-con-inner\">\n\t\t<div class=\"elementor-element elementor-element-0a2e460 e-con-full e-flex e-con e-child\" data-id=\"0a2e460\" data-element_type=\"container\">\n\t\t\t\t<div class=\"elementor-element elementor-element-74789a9 hfe-tablet-heading-align-center hfe-mobile-heading-align-center elementor-widget elementor-widget-hfe-site-title\" data-id=\"74789a9\" data-element_type=\"widget\" data-settings=\"{&quot;heading_text_align_tablet&quot;:&quot;center&quot;,&quot;heading_text_align_mobile&quot;:&quot;center&quot;,&quot;htmega_fe&quot;:&quot;no&quot;}\" data-widget_type=\"hfe-site-title.default\">\n\t\t\t\t<div class=\"elementor-widget-container\">\n\t\t\t\t\t\n\t\t<div class=\"hfe-module-content hfe-heading-wrapper elementor-widget-heading\">\n\t\t\t\t\t\t\t<a href=\"https:\/\/auroremathilda.fr\/?page_id=521\">\n\t\t\t\t\t\t\t<h1 class=\"hfe-heading elementor-heading-title elementor-size-default\">\n\t\t\t\t\t\t\t\t\t<span class=\"hfe-heading-text\" >\n\t\t\t\t\t\t\t\t\t\tAURORE MATHILDA\t\t\t\t\t\t\t\t\t\t<\/span>\t\t\t\n\t\t\t<\/h1>\n\t\t\t<\/a>\t\t\n\t\t<\/div>\n\t\t\t\t\t\t<\/div>\n\t\t\t\t<\/div>\n\t\t\t\t<div data-htmega-element-link=\"{&quot;url&quot;:&quot;https:\\\/\\\/auroremathilda.fr\\\/?page_id=521&quot;,&quot;is_external&quot;:&quot;&quot;,&quot;nofollow&quot;:&quot;&quot;,&quot;custom_attributes&quot;:&quot;&quot;}\" style=\"cursor: pointer\" class=\"htmega-element-link elementor-element elementor-element-444a527 elementor-widget elementor-widget-htmega-inlinemenu-addons\" data-id=\"444a527\" data-element_type=\"widget\" data-settings=\"{&quot;htmega_fe&quot;:&quot;no&quot;}\" data-widget_type=\"htmega-inlinemenu-addons.default\">\n\t\t\t\t<div class=\"elementor-widget-container\">\n\t\t\t\t\t            <div class=\"htmega-inlinemenu-area htmega-inlinemenu-style-7\" >\n                <nav class=\"linemenu-nav\">\n                    <ul id=\"menu-444a527\" class=\"htmega-mainmenu\"><li class=\"menu-item menu-item-type-post_type menu-item-object-page menu-item-has-children menu-item-940\"><a aria-expanded=\"false\" href=\"https:\/\/auroremathilda.fr\/?page_id=521\" class=\"menu-link\">Collections<span role=\"application\" class=\"dropdown-menu-toggle ast-header-navigation-arrow\" tabindex=\"0\" aria-expanded=\"false\" aria-label=\"Permutateur de Menu\" ><\/span><\/a>\n<ul class=\"sub-menu\">\n\t<li class=\"menu-item menu-item-type-post_type menu-item-object-page menu-item-757\"><a href=\"https:\/\/auroremathilda.fr\/?page_id=636\" class=\"menu-link\">Les 4001<\/a><\/li>\n\t<li class=\"menu-item menu-item-type-post_type menu-item-object-page menu-item-188\"><a href=\"https:\/\/auroremathilda.fr\/?page_id=178\" class=\"menu-link\">L\u00e0 o\u00f9 dansent les Ombres<\/a><\/li>\n\t<li class=\"menu-item menu-item-type-post_type menu-item-object-page menu-item-187\"><a href=\"https:\/\/auroremathilda.fr\/?page_id=181\" class=\"menu-link\">Sous le Tapis<\/a><\/li>\n<\/ul>\n<\/li>\n<li class=\"menu-item menu-item-type-post_type menu-item-object-page menu-item-189\"><a href=\"https:\/\/auroremathilda.fr\/?page_id=183\" class=\"menu-link\">Contact<\/a><\/li>\n<\/ul>                <\/nav>\n            <\/div>\n        \t\t\t\t<\/div>\n\t\t\t\t<\/div>\n\t\t\t\t<\/div>\n\t\t\t\t<div class=\"elementor-element elementor-element-94670d4 elementor-widget elementor-widget-image\" data-id=\"94670d4\" data-element_type=\"widget\" data-settings=\"{&quot;htmega_fe&quot;:&quot;no&quot;}\" data-widget_type=\"image.default\">\n\t\t\t\t<div class=\"elementor-widget-container\">\n\t\t\t\t\t\t\t\t\t\t\t\t\t\t\t<img fetchpriority=\"high\" decoding=\"async\" width=\"865\" height=\"899\" src=\"https:\/\/auroremathilda.fr\/wp-content\/uploads\/2025\/04\/777Fichier-2-8.png\" class=\"attachment-full size-full wp-image-2549\" alt=\"\" srcset=\"https:\/\/auroremathilda.fr\/wp-content\/uploads\/2025\/04\/777Fichier-2-8.png 865w, https:\/\/auroremathilda.fr\/wp-content\/uploads\/2025\/04\/777Fichier-2-8-289x300.png 289w, https:\/\/auroremathilda.fr\/wp-content\/uploads\/2025\/04\/777Fichier-2-8-768x798.png 768w\" sizes=\"(max-width: 865px) 100vw, 865px\" \/>\t\t\t\t\t\t\t\t\t\t\t\t\t\t\t<\/div>\n\t\t\t\t<\/div>\n\t\t\t\t\t<\/div>\n\t\t\t\t<\/div>\n\t\t<div class=\"elementor-element elementor-element-1022de6 elementor-hidden-tablet elementor-hidden-mobile e-flex e-con-boxed e-con e-parent\" data-id=\"1022de6\" data-element_type=\"container\" data-settings=\"{&quot;background_background&quot;:&quot;gradient&quot;}\">\n\t\t\t\t\t<div class=\"e-con-inner\">\n\t\t<div class=\"elementor-element elementor-element-e5ffbbd e-con-full e-flex e-con e-child\" data-id=\"e5ffbbd\" data-element_type=\"container\">\n\t\t\t\t<div class=\"elementor-element elementor-element-5174c14 hfe-heading-align-center hfe-tablet-heading-align-center hfe-mobile-heading-align-center elementor-widget elementor-widget-hfe-site-title\" data-id=\"5174c14\" data-element_type=\"widget\" data-settings=\"{&quot;heading_text_align&quot;:&quot;center&quot;,&quot;heading_text_align_tablet&quot;:&quot;center&quot;,&quot;heading_text_align_mobile&quot;:&quot;center&quot;,&quot;htmega_fe&quot;:&quot;no&quot;}\" data-widget_type=\"hfe-site-title.default\">\n\t\t\t\t<div class=\"elementor-widget-container\">\n\t\t\t\t\t\n\t\t<div class=\"hfe-module-content hfe-heading-wrapper elementor-widget-heading\">\n\t\t\t\t\t\t\t<a href=\"https:\/\/auroremathilda.fr\/?page_id=521\">\n\t\t\t\t\t\t\t<h1 class=\"hfe-heading elementor-heading-title elementor-size-default\">\n\t\t\t\t\t\t\t\t\t<span class=\"hfe-heading-text\" >\n\t\t\t\t\t\t\t\t\t\tAURORE MATHILDA\t\t\t\t\t\t\t\t\t\t<\/span>\t\t\t\n\t\t\t<\/h1>\n\t\t\t<\/a>\t\t\n\t\t<\/div>\n\t\t\t\t\t\t<\/div>\n\t\t\t\t<\/div>\n\t\t\t\t<div data-htmega-element-link=\"{&quot;url&quot;:&quot;https:\\\/\\\/auroremathilda.fr\\\/?page_id=521&quot;,&quot;is_external&quot;:&quot;&quot;,&quot;nofollow&quot;:&quot;&quot;,&quot;custom_attributes&quot;:&quot;&quot;}\" style=\"cursor: pointer\" class=\"htmega-element-link elementor-element elementor-element-8ff12c7 elementor-widget elementor-widget-htmega-inlinemenu-addons\" data-id=\"8ff12c7\" data-element_type=\"widget\" data-settings=\"{&quot;htmega_fe&quot;:&quot;no&quot;}\" data-widget_type=\"htmega-inlinemenu-addons.default\">\n\t\t\t\t<div class=\"elementor-widget-container\">\n\t\t\t\t\t            <div class=\"htmega-inlinemenu-area htmega-inlinemenu-style-7\" >\n                <nav class=\"linemenu-nav\">\n                    <ul id=\"menu-8ff12c7\" class=\"htmega-mainmenu\"><li class=\"menu-item menu-item-type-post_type menu-item-object-page menu-item-has-children menu-item-940\"><a aria-expanded=\"false\" href=\"https:\/\/auroremathilda.fr\/?page_id=521\" class=\"menu-link\">Collections<span role=\"application\" class=\"dropdown-menu-toggle ast-header-navigation-arrow\" tabindex=\"0\" aria-expanded=\"false\" aria-label=\"Permutateur de Menu\" ><\/span><\/a>\n<ul class=\"sub-menu\">\n\t<li class=\"menu-item menu-item-type-post_type menu-item-object-page menu-item-757\"><a href=\"https:\/\/auroremathilda.fr\/?page_id=636\" class=\"menu-link\">Les 4001<\/a><\/li>\n\t<li class=\"menu-item menu-item-type-post_type menu-item-object-page menu-item-188\"><a href=\"https:\/\/auroremathilda.fr\/?page_id=178\" class=\"menu-link\">L\u00e0 o\u00f9 dansent les Ombres<\/a><\/li>\n\t<li class=\"menu-item menu-item-type-post_type menu-item-object-page menu-item-187\"><a href=\"https:\/\/auroremathilda.fr\/?page_id=181\" class=\"menu-link\">Sous le Tapis<\/a><\/li>\n<\/ul>\n<\/li>\n<li class=\"menu-item menu-item-type-post_type menu-item-object-page menu-item-189\"><a href=\"https:\/\/auroremathilda.fr\/?page_id=183\" class=\"menu-link\">Contact<\/a><\/li>\n<\/ul>                <\/nav>\n            <\/div>\n        \t\t\t\t<\/div>\n\t\t\t\t<\/div>\n\t\t\t\t<\/div>\n\t\t\t\t<div class=\"elementor-element elementor-element-aa7222e elementor-widget elementor-widget-image\" data-id=\"aa7222e\" data-element_type=\"widget\" data-settings=\"{&quot;htmega_fe&quot;:&quot;no&quot;}\" data-widget_type=\"image.default\">\n\t\t\t\t<div class=\"elementor-widget-container\">\n\t\t\t\t\t\t\t\t\t\t\t\t\t\t\t<img fetchpriority=\"high\" decoding=\"async\" width=\"865\" height=\"899\" src=\"https:\/\/auroremathilda.fr\/wp-content\/uploads\/2025\/04\/777Fichier-2-8.png\" class=\"attachment-full size-full wp-image-2549\" alt=\"\" srcset=\"https:\/\/auroremathilda.fr\/wp-content\/uploads\/2025\/04\/777Fichier-2-8.png 865w, https:\/\/auroremathilda.fr\/wp-content\/uploads\/2025\/04\/777Fichier-2-8-289x300.png 289w, https:\/\/auroremathilda.fr\/wp-content\/uploads\/2025\/04\/777Fichier-2-8-768x798.png 768w\" sizes=\"(max-width: 865px) 100vw, 865px\" \/>\t\t\t\t\t\t\t\t\t\t\t\t\t\t\t<\/div>\n\t\t\t\t<\/div>\n\t\t\t\t\t<\/div>\n\t\t\t\t<\/div>\n\t\t\t\t<\/div>\n\t\t","protected":false},"excerpt":{"rendered":"<p>AURORE MATHILDA Collections Les 4001 L\u00e0 o\u00f9 dansent les Ombres Sous le Tapis Contact AURORE MATHILDA Collections Les 4001 L\u00e0 [&hellip;]<\/p>\n","protected":false},"author":1,"featured_media":0,"parent":0,"menu_order":0,"comment_status":"closed","ping_status":"closed","template":"elementor_canvas","meta":{"site-sidebar-layout":"no-sidebar","site-content-layout":"","ast-site-content-layout":"full-width-container","site-content-style":"default","site-sidebar-style":"default","ast-global-header-display":"","ast-banner-title-visibility":"","ast-main-header-display":"","ast-hfb-above-header-display":"","ast-hfb-below-header-display":"","ast-hfb-mobile-header-display":"","site-post-title":"disabled","ast-breadcrumbs-content":"","ast-featured-img":"disabled","footer-sml-layout":"","theme-transparent-header-meta":"","adv-header-id-meta":"","stick-header-meta":"","header-above-stick-meta":"","header-main-stick-meta":"","header-below-stick-meta":"","astra-migrate-meta-layouts":"default","ast-page-background-enabled":"default","ast-page-background-meta":{"desktop":{"background-color":"var(--ast-global-color-5)","background-image":"","background-repeat":"repeat","background-position":"center center","background-size":"auto","background-attachment":"scroll","background-type":"","background-media":"","overlay-type":"","overlay-color":"","overlay-opacity":"","overlay-gradient":""},"tablet":{"background-color":"","background-image":"","background-repeat":"repeat","background-position":"center center","background-size":"auto","background-attachment":"scroll","background-type":"","background-media":"","overlay-type":"","overlay-color":"","overlay-opacity":"","overlay-gradient":""},"mobile":{"background-color":"","background-image":"","background-repeat":"repeat","background-position":"center center","background-size":"auto","background-attachment":"scroll","background-type":"","background-media":"","overlay-type":"","overlay-color":"","overlay-opacity":"","overlay-gradient":""}},"ast-content-background-meta":{"desktop":{"background-color":"var(--ast-global-color-4)","background-image":"","background-repeat":"repeat","background-position":"center center","background-size":"auto","background-attachment":"scroll","background-type":"","background-media":"","overlay-type":"","overlay-color":"","overlay-opacity":"","overlay-gradient":""},"tablet":{"background-color":"var(--ast-global-color-4)","background-image":"","background-repeat":"repeat","background-position":"center center","background-size":"auto","background-attachment":"scroll","background-type":"","background-media":"","overlay-type":"","overlay-color":"","overlay-opacity":"","overlay-gradient":""},"mobile":{"background-color":"var(--ast-global-color-4)","background-image":"","background-repeat":"repeat","background-position":"center center","background-size":"auto","background-attachment":"scroll","background-type":"","background-media":"","overlay-type":"","overlay-color":"","overlay-opacity":"","overlay-gradient":""}},"footnotes":""},"class_list":["post-97","page","type-page","status-publish","hentry"],"yoast_head":"<!-- This site is optimized with the Yoast SEO plugin v26.8 - https:\/\/yoast.com\/product\/yoast-seo-wordpress\/ -->\n<title>Accueil - AURORE MATHILDA<\/title>\n<meta name=\"robots\" content=\"index, follow, max-snippet:-1, max-image-preview:large, max-video-preview:-1\" \/>\n<link rel=\"canonical\" href=\"https:\/\/auroremathilda.fr\/\" \/>\n<meta property=\"og:locale\" content=\"fr_FR\" \/>\n<meta property=\"og:type\" content=\"article\" \/>\n<meta property=\"og:title\" content=\"Accueil - AURORE MATHILDA\" \/>\n<meta property=\"og:description\" content=\"AURORE MATHILDA Collections Les 4001 L\u00e0 o\u00f9 dansent les Ombres Sous le Tapis Contact AURORE MATHILDA Collections Les 4001 L\u00e0 [&hellip;]\" \/>\n<meta property=\"og:url\" content=\"https:\/\/auroremathilda.fr\/\" \/>\n<meta property=\"og:site_name\" content=\"AURORE MATHILDA\" \/>\n<meta property=\"article:modified_time\" content=\"2025-04-01T13:44:19+00:00\" \/>\n<meta property=\"og:image\" content=\"https:\/\/auroremathilda.fr\/wp-content\/uploads\/2025\/04\/777Fichier-2-8.png\" \/>\n\t<meta property=\"og:image:width\" content=\"865\" \/>\n\t<meta property=\"og:image:height\" content=\"899\" \/>\n\t<meta property=\"og:image:type\" content=\"image\/png\" \/>\n<meta name=\"twitter:card\" content=\"summary_large_image\" \/>\n<meta name=\"twitter:label1\" content=\"Dur\u00e9e de lecture estim\u00e9e\" \/>\n\t<meta name=\"twitter:data1\" content=\"1 minute\" \/>\n<script type=\"application\/ld+json\" class=\"yoast-schema-graph\">{\"@context\":\"https:\/\/schema.org\",\"@graph\":[{\"@type\":\"WebPage\",\"@id\":\"https:\/\/auroremathilda.fr\/\",\"url\":\"https:\/\/auroremathilda.fr\/\",\"name\":\"Accueil - AURORE MATHILDA\",\"isPartOf\":{\"@id\":\"https:\/\/auroremathilda.fr\/#website\"},\"primaryImageOfPage\":{\"@id\":\"https:\/\/auroremathilda.fr\/#primaryimage\"},\"image\":{\"@id\":\"https:\/\/auroremathilda.fr\/#primaryimage\"},\"thumbnailUrl\":\"https:\/\/auroremathilda.fr\/wp-content\/uploads\/2025\/04\/777Fichier-2-8.png\",\"datePublished\":\"2025-02-27T16:16:18+00:00\",\"dateModified\":\"2025-04-01T13:44:19+00:00\",\"breadcrumb\":{\"@id\":\"https:\/\/auroremathilda.fr\/#breadcrumb\"},\"inLanguage\":\"fr-FR\",\"potentialAction\":[{\"@type\":\"ReadAction\",\"target\":[\"https:\/\/auroremathilda.fr\/\"]}]},{\"@type\":\"ImageObject\",\"inLanguage\":\"fr-FR\",\"@id\":\"https:\/\/auroremathilda.fr\/#primaryimage\",\"url\":\"https:\/\/auroremathilda.fr\/wp-content\/uploads\/2025\/04\/777Fichier-2-8.png\",\"contentUrl\":\"https:\/\/auroremathilda.fr\/wp-content\/uploads\/2025\/04\/777Fichier-2-8.png\",\"width\":865,\"height\":899},{\"@type\":\"BreadcrumbList\",\"@id\":\"https:\/\/auroremathilda.fr\/#breadcrumb\",\"itemListElement\":[{\"@type\":\"ListItem\",\"position\":1,\"name\":\"Accueil\",\"item\":\"https:\/\/auroremathilda.fr\/\"},{\"@type\":\"ListItem\",\"position\":2,\"name\":\"Accueil\"}]},{\"@type\":\"WebSite\",\"@id\":\"https:\/\/auroremathilda.fr\/#website\",\"url\":\"https:\/\/auroremathilda.fr\/\",\"name\":\"AURORE MATHILDA\",\"description\":\"L&#039;art au service de la Conscience\",\"publisher\":{\"@id\":\"https:\/\/auroremathilda.fr\/#organization\"},\"potentialAction\":[{\"@type\":\"SearchAction\",\"target\":{\"@type\":\"EntryPoint\",\"urlTemplate\":\"https:\/\/auroremathilda.fr\/?s={search_term_string}\"},\"query-input\":{\"@type\":\"PropertyValueSpecification\",\"valueRequired\":true,\"valueName\":\"search_term_string\"}}],\"inLanguage\":\"fr-FR\"},{\"@type\":\"Organization\",\"@id\":\"https:\/\/auroremathilda.fr\/#organization\",\"name\":\"AURORE MATHILDA\",\"url\":\"https:\/\/auroremathilda.fr\/\",\"logo\":{\"@type\":\"ImageObject\",\"inLanguage\":\"fr-FR\",\"@id\":\"https:\/\/auroremathilda.fr\/#\/schema\/logo\/image\/\",\"url\":\"https:\/\/auroremathilda.fr\/wp-content\/uploads\/2025\/02\/logFichier-8.png\",\"contentUrl\":\"https:\/\/auroremathilda.fr\/wp-content\/uploads\/2025\/02\/logFichier-8.png\",\"width\":270,\"height\":465,\"caption\":\"AURORE MATHILDA\"},\"image\":{\"@id\":\"https:\/\/auroremathilda.fr\/#\/schema\/logo\/image\/\"}}]}<\/script>\n<!-- \/ Yoast SEO plugin. -->","yoast_head_json":{"title":"Accueil - AURORE MATHILDA","robots":{"index":"index","follow":"follow","max-snippet":"max-snippet:-1","max-image-preview":"max-image-preview:large","max-video-preview":"max-video-preview:-1"},"canonical":"https:\/\/auroremathilda.fr\/","og_locale":"fr_FR","og_type":"article","og_title":"Accueil - AURORE MATHILDA","og_description":"AURORE MATHILDA Collections Les 4001 L\u00e0 o\u00f9 dansent les Ombres Sous le Tapis Contact AURORE MATHILDA Collections Les 4001 L\u00e0 [&hellip;]","og_url":"https:\/\/auroremathilda.fr\/","og_site_name":"AURORE MATHILDA","article_modified_time":"2025-04-01T13:44:19+00:00","og_image":[{"width":865,"height":899,"url":"https:\/\/auroremathilda.fr\/wp-content\/uploads\/2025\/04\/777Fichier-2-8.png","type":"image\/png"}],"twitter_card":"summary_large_image","twitter_misc":{"Dur\u00e9e de lecture estim\u00e9e":"1 minute"},"schema":{"@context":"https:\/\/schema.org","@graph":[{"@type":"WebPage","@id":"https:\/\/auroremathilda.fr\/","url":"https:\/\/auroremathilda.fr\/","name":"Accueil - AURORE MATHILDA","isPartOf":{"@id":"https:\/\/auroremathilda.fr\/#website"},"primaryImageOfPage":{"@id":"https:\/\/auroremathilda.fr\/#primaryimage"},"image":{"@id":"https:\/\/auroremathilda.fr\/#primaryimage"},"thumbnailUrl":"https:\/\/auroremathilda.fr\/wp-content\/uploads\/2025\/04\/777Fichier-2-8.png","datePublished":"2025-02-27T16:16:18+00:00","dateModified":"2025-04-01T13:44:19+00:00","breadcrumb":{"@id":"https:\/\/auroremathilda.fr\/#breadcrumb"},"inLanguage":"fr-FR","potentialAction":[{"@type":"ReadAction","target":["https:\/\/auroremathilda.fr\/"]}]},{"@type":"ImageObject","inLanguage":"fr-FR","@id":"https:\/\/auroremathilda.fr\/#primaryimage","url":"https:\/\/auroremathilda.fr\/wp-content\/uploads\/2025\/04\/777Fichier-2-8.png","contentUrl":"https:\/\/auroremathilda.fr\/wp-content\/uploads\/2025\/04\/777Fichier-2-8.png","width":865,"height":899},{"@type":"BreadcrumbList","@id":"https:\/\/auroremathilda.fr\/#breadcrumb","itemListElement":[{"@type":"ListItem","position":1,"name":"Accueil","item":"https:\/\/auroremathilda.fr\/"},{"@type":"ListItem","position":2,"name":"Accueil"}]},{"@type":"WebSite","@id":"https:\/\/auroremathilda.fr\/#website","url":"https:\/\/auroremathilda.fr\/","name":"AURORE MATHILDA","description":"L&#039;art au service de la Conscience","publisher":{"@id":"https:\/\/auroremathilda.fr\/#organization"},"potentialAction":[{"@type":"SearchAction","target":{"@type":"EntryPoint","urlTemplate":"https:\/\/auroremathilda.fr\/?s={search_term_string}"},"query-input":{"@type":"PropertyValueSpecification","valueRequired":true,"valueName":"search_term_string"}}],"inLanguage":"fr-FR"},{"@type":"Organization","@id":"https:\/\/auroremathilda.fr\/#organization","name":"AURORE MATHILDA","url":"https:\/\/auroremathilda.fr\/","logo":{"@type":"ImageObject","inLanguage":"fr-FR","@id":"https:\/\/auroremathilda.fr\/#\/schema\/logo\/image\/","url":"https:\/\/auroremathilda.fr\/wp-content\/uploads\/2025\/02\/logFichier-8.png","contentUrl":"https:\/\/auroremathilda.fr\/wp-content\/uploads\/2025\/02\/logFichier-8.png","width":270,"height":465,"caption":"AURORE MATHILDA"},"image":{"@id":"https:\/\/auroremathilda.fr\/#\/schema\/logo\/image\/"}}]}},"_links":{"self":[{"href":"https:\/\/auroremathilda.fr\/index.php?rest_route=\/wp\/v2\/pages\/97","targetHints":{"allow":["GET"]}}],"collection":[{"href":"https:\/\/auroremathilda.fr\/index.php?rest_route=\/wp\/v2\/pages"}],"about":[{"href":"https:\/\/auroremathilda.fr\/index.php?rest_route=\/wp\/v2\/types\/page"}],"author":[{"embeddable":true,"href":"https:\/\/auroremathilda.fr\/index.php?rest_route=\/wp\/v2\/users\/1"}],"replies":[{"embeddable":true,"href":"https:\/\/auroremathilda.fr\/index.php?rest_route=%2Fwp%2Fv2%2Fcomments&post=97"}],"version-history":[{"count":382,"href":"https:\/\/auroremathilda.fr\/index.php?rest_route=\/wp\/v2\/pages\/97\/revisions"}],"predecessor-version":[{"id":2567,"href":"https:\/\/auroremathilda.fr\/index.php?rest_route=\/wp\/v2\/pages\/97\/revisions\/2567"}],"wp:attachment":[{"href":"https:\/\/auroremathilda.fr\/index.php?rest_route=%2Fwp%2Fv2%2Fmedia&parent=97"}],"curies":[{"name":"wp","href":"https:\/\/api.w.org\/{rel}","templated":true}]}}